{"id":1460,"date":"2024-01-22T17:29:24","date_gmt":"2024-01-22T17:29:24","guid":{"rendered":"https:\/\/lakeatitlanvacationrentals.com\/carrito\/"},"modified":"2024-05-30T21:01:26","modified_gmt":"2024-05-30T21:01:26","slug":"carrito","status":"publish","type":"page","link":"https:\/\/lakeatitlanvacationrentals.com\/es\/carrito\/","title":{"rendered":"Carrito"},"content":{"rendered":"<div data-block-name=\"woocommerce\/cart\" class=\"wp-block-woocommerce-cart alignwide is-loading\"><div data-block-name=\"woocommerce\/filled-cart-block\" class=\"wp-block-woocommerce-filled-cart-block\"><div data-block-name=\"woocommerce\/cart-items-block\" class=\"wp-block-woocommerce-cart-items-block\"><div data-block-name=\"woocommerce\/cart-line-items-block\" class=\"wp-block-woocommerce-cart-line-items-block\">\u00a0<\/div>\r\n\r\n<div data-block-name=\"woocommerce\/cart-cross-sells-block\" class=\"wp-block-woocommerce-cart-cross-sells-block\">\r\n<h2 class=\"wp-block-heading has-large-font-size\">Puede que te interese\u2026<\/h2>\r\n\r\n\r\n<div data-block-name=\"woocommerce\/cart-cross-sells-products-block\" class=\"wp-block-woocommerce-cart-cross-sells-products-block\">\u00a0<\/div><\/div><\/div>\r\n\r\n<div data-block-name=\"woocommerce\/cart-totals-block\" class=\"wp-block-woocommerce-cart-totals-block\"><div data-block-name=\"woocommerce\/cart-order-summary-block\" class=\"wp-block-woocommerce-cart-order-summary-block\"><div data-block-name=\"woocommerce\/cart-order-summary-heading-block\" class=\"wp-block-woocommerce-cart-order-summary-heading-block\">\u00a0<\/div>\r\n\r\n<div data-block-name=\"woocommerce\/cart-order-summary-coupon-form-block\" class=\"wp-block-woocommerce-cart-order-summary-coupon-form-block\">\u00a0<\/div>\r\n\r\n<div data-block-name=\"woocommerce\/cart-order-summary-subtotal-block\" class=\"wp-block-woocommerce-cart-order-summary-subtotal-block\">\u00a0<\/div>\r\n\r\n<div data-block-name=\"woocommerce\/cart-order-summary-fee-block\" class=\"wp-block-woocommerce-cart-order-summary-fee-block\">\u00a0<\/div>\r\n\r\n<div data-block-name=\"woocommerce\/cart-order-summary-discount-block\" class=\"wp-block-woocommerce-cart-order-summary-discount-block\">\u00a0<\/div>\r\n\r\n<div data-block-name=\"woocommerce\/cart-order-summary-shipping-block\" class=\"wp-block-woocommerce-cart-order-summary-shipping-block\">\u00a0<\/div>\r\n\r\n<div data-block-name=\"woocommerce\/cart-order-summary-taxes-block\" class=\"wp-block-woocommerce-cart-order-summary-taxes-block\">\u00a0<\/div><\/div>\r\n\r\n<div data-block-name=\"woocommerce\/cart-express-payment-block\" class=\"wp-block-woocommerce-cart-express-payment-block\">\u00a0<\/div>\r\n\r\n<div data-block-name=\"woocommerce\/proceed-to-checkout-block\" class=\"wp-block-woocommerce-proceed-to-checkout-block\">\u00a0<\/div>\r\n\r\n<div data-block-name=\"woocommerce\/cart-accepted-payment-methods-block\" class=\"wp-block-woocommerce-cart-accepted-payment-methods-block\">\u00a0<\/div><\/div><\/div>\r\n\r\n<div data-block-name=\"woocommerce\/empty-cart-block\" class=\"wp-block-woocommerce-empty-cart-block\">\r\n<h2 class=\"wp-block-heading has-text-align-center with-empty-cart-icon wc-block-cart__empty-cart__title\">\u00a1Tu carrito est\u00e1 actualmente vac\u00edo!<\/h2>\r\n\r\n\r\n<hr class=\"wp-block-separator has-alpha-channel-opacity is-style-dots\" \/>\r\n\r\n\r\n<h2 class=\"wp-block-heading has-text-align-center\">Nuevo en la tienda<\/h2>\r\n\r\n\r\n<div data-block-name=\"woocommerce\/product-new\" data-columns=\"4\" data-rows=\"1\" class=\"wc-block-grid wp-block-product-new wc-block-product-new has-4-columns\"><ul class=\"wc-block-grid__products\"><li class=\"wc-block-grid__product\">\n\t\t\t\t<a href=\"https:\/\/lakeatitlanvacationrentals.com\/es\/producto\/elegancia-frente-al-lago\/\" class=\"wc-block-grid__product-link\">\n\t\t\t\t\t\n\t\t\t\t\t<div class=\"wc-block-grid__product-image\"><img loading=\"lazy\" decoding=\"async\" width=\"300\" height=\"300\" src=\"https:\/\/lakeatitlanvacationrentals.com\/wp-content\/uploads\/2024\/02\/68b0c2ab-7462-4ddf-9ac0-4545c396797c-300x300.webp\" class=\"attachment-woocommerce_thumbnail size-woocommerce_thumbnail\" alt=\"Elegancia frente al lago\" \/><\/div>\n\t\t\t\t\t<div class=\"wc-block-grid__product-title\">Elegancia frente al lago<\/div>\n\t\t\t\t<\/a>\n\t\t\t\t<div class=\"wc-block-grid__product-price price\"><span class=\"woocommerce-Price-amount amount\"><span class=\"woocommerce-Price-currencySymbol\">&#036;<\/span>415.00<\/span><\/div>\n\t\t\t\t\n\t\t\t\t<div class=\"wp-block-button wc-block-grid__product-add-to-cart\"><a href=\"https:\/\/lakeatitlanvacationrentals.com\/es\/producto\/elegancia-frente-al-lago\/\" aria-label=\"Lee m\u00e1s sobre &ldquo;Elegancia frente al lago&rdquo;\" data-quantity=\"1\" data-product_id=\"2349\" data-product_sku=\"\" data-price=\"415\" rel=\"nofollow\" class=\"wp-block-button__link  add_to_cart_button\">Leer m\u00e1s<\/a><\/div>\n\t\t\t<\/li><li class=\"wc-block-grid__product\">\n\t\t\t\t<a href=\"https:\/\/lakeatitlanvacationrentals.com\/es\/producto\/casa-de-3-camas-en-santa-catarina-palopo\/\" class=\"wc-block-grid__product-link\">\n\t\t\t\t\t\n\t\t\t\t\t<div class=\"wc-block-grid__product-image\"><img loading=\"lazy\" decoding=\"async\" width=\"300\" height=\"300\" src=\"https:\/\/lakeatitlanvacationrentals.com\/wp-content\/uploads\/2024\/02\/2d482f52_original-300x300.webp\" class=\"attachment-woocommerce_thumbnail size-woocommerce_thumbnail\" alt=\"Casa de 3 rec\u00e1maras en Santa Catarina Palop\u00f3\" \/><\/div>\n\t\t\t\t\t<div class=\"wc-block-grid__product-title\">Casa de 3 rec\u00e1maras en Santa Catarina Palop\u00f3<\/div>\n\t\t\t\t<\/a>\n\t\t\t\t<div class=\"wc-block-grid__product-price price\"><span class=\"woocommerce-Price-amount amount\"><span class=\"woocommerce-Price-currencySymbol\">&#036;<\/span>350.00<\/span><\/div>\n\t\t\t\t\n\t\t\t\t<div class=\"wp-block-button wc-block-grid__product-add-to-cart\"><a href=\"https:\/\/lakeatitlanvacationrentals.com\/es\/producto\/casa-de-3-camas-en-santa-catarina-palopo\/\" aria-label=\"Lee m\u00e1s sobre &ldquo;Casa de 3 rec\u00e1maras en Santa Catarina Palop\u00f3&rdquo;\" data-quantity=\"1\" data-product_id=\"2391\" data-product_sku=\"\" data-price=\"350\" rel=\"nofollow\" class=\"wp-block-button__link  add_to_cart_button\">Leer m\u00e1s<\/a><\/div>\n\t\t\t<\/li><li class=\"wc-block-grid__product\">\n\t\t\t\t<a href=\"https:\/\/lakeatitlanvacationrentals.com\/es\/producto\/loft-4bd-2ba-con-vistas-increibles-y-2-baneras-de-hidromasaje\/\" class=\"wc-block-grid__product-link\">\n\t\t\t\t\t\n\t\t\t\t\t<div class=\"wc-block-grid__product-image\"><img loading=\"lazy\" decoding=\"async\" width=\"300\" height=\"300\" src=\"https:\/\/lakeatitlanvacationrentals.com\/wp-content\/uploads\/2024\/02\/6984e805-7a86-42ed-926e-ee97c4200fc6-300x300.webp\" class=\"attachment-woocommerce_thumbnail size-woocommerce_thumbnail\" alt=\"Loft 4bd\/2ba con vistas INCRE\u00cdBLES y 2 jacuzzis\" \/><\/div>\n\t\t\t\t\t<div class=\"wc-block-grid__product-title\">Loft 4bd\/2ba con vistas INCRE\u00cdBLES y 2 jacuzzis<\/div>\n\t\t\t\t<\/a>\n\t\t\t\t<div class=\"wc-block-grid__product-price price\"><span class=\"woocommerce-Price-amount amount\"><span class=\"woocommerce-Price-currencySymbol\">&#036;<\/span>370.00<\/span><\/div>\n\t\t\t\t\n\t\t\t\t<div class=\"wp-block-button wc-block-grid__product-add-to-cart\"><a href=\"https:\/\/lakeatitlanvacationrentals.com\/es\/producto\/loft-4bd-2ba-con-vistas-increibles-y-2-baneras-de-hidromasaje\/\" aria-label=\"Lee m\u00e1s sobre &ldquo;Loft 4bd\/2ba con vistas INCRE\u00cdBLES y 2 jacuzzis&rdquo;\" data-quantity=\"1\" data-product_id=\"2425\" data-product_sku=\"\" data-price=\"370\" rel=\"nofollow\" class=\"wp-block-button__link  add_to_cart_button\">Leer m\u00e1s<\/a><\/div>\n\t\t\t<\/li><li class=\"wc-block-grid__product\">\n\t\t\t\t<a href=\"https:\/\/lakeatitlanvacationrentals.com\/es\/producto\/loft-de-lujo-2bd-1ba-con-jacuzzi-cerca-de-pana\/\" class=\"wc-block-grid__product-link\">\n\t\t\t\t\t\n\t\t\t\t\t<div class=\"wc-block-grid__product-image\"><img loading=\"lazy\" decoding=\"async\" width=\"300\" height=\"300\" src=\"https:\/\/lakeatitlanvacationrentals.com\/wp-content\/uploads\/2024\/02\/2048c017-1be7-428d-b9a4-9f260d7ba291-300x300.webp\" class=\"attachment-woocommerce_thumbnail size-woocommerce_thumbnail\" alt=\"Loft de lujo 2bd\/1ba con jacuzzi cerca de Pana\" \/><\/div>\n\t\t\t\t\t<div class=\"wc-block-grid__product-title\">Loft de lujo 2bd\/1ba con jacuzzi cerca de Pana<\/div>\n\t\t\t\t<\/a>\n\t\t\t\t<div class=\"wc-block-grid__product-price price\"><span class=\"woocommerce-Price-amount amount\"><span class=\"woocommerce-Price-currencySymbol\">&#036;<\/span>185.00<\/span><\/div>\n\t\t\t\t\n\t\t\t\t<div class=\"wp-block-button wc-block-grid__product-add-to-cart\"><a href=\"https:\/\/lakeatitlanvacationrentals.com\/es\/producto\/loft-de-lujo-2bd-1ba-con-jacuzzi-cerca-de-pana\/\" aria-label=\"Lee m\u00e1s sobre &ldquo;Loft de lujo 2bd\/1ba con jacuzzi cerca de Pana&rdquo;\" data-quantity=\"1\" data-product_id=\"2432\" data-product_sku=\"\" data-price=\"185\" rel=\"nofollow\" class=\"wp-block-button__link  add_to_cart_button\">Leer m\u00e1s<\/a><\/div>\n\t\t\t<\/li><\/ul><\/div><\/div><\/div>\r\n","protected":false},"excerpt":{"rendered":"","protected":false},"author":2,"featured_media":0,"parent":0,"menu_order":0,"comment_status":"closed","ping_status":"closed","template":"","meta":{"_et_pb_use_builder":"","_et_pb_old_content":"","_et_gb_content_width":"","footnotes":""},"class_list":["post-1460","page","type-page","status-publish","hentry"],"_links":{"self":[{"href":"https:\/\/lakeatitlanvacationrentals.com\/es\/wp-json\/wp\/v2\/pages\/1460","targetHints":{"allow":["GET"]}}],"collection":[{"href":"https:\/\/lakeatitlanvacationrentals.com\/es\/wp-json\/wp\/v2\/pages"}],"about":[{"href":"https:\/\/lakeatitlanvacationrentals.com\/es\/wp-json\/wp\/v2\/types\/page"}],"author":[{"embeddable":true,"href":"https:\/\/lakeatitlanvacationrentals.com\/es\/wp-json\/wp\/v2\/users\/2"}],"replies":[{"embeddable":true,"href":"https:\/\/lakeatitlanvacationrentals.com\/es\/wp-json\/wp\/v2\/comments?post=1460"}],"version-history":[{"count":0,"href":"https:\/\/lakeatitlanvacationrentals.com\/es\/wp-json\/wp\/v2\/pages\/1460\/revisions"}],"wp:attachment":[{"href":"https:\/\/lakeatitlanvacationrentals.com\/es\/wp-json\/wp\/v2\/media?parent=1460"}],"curies":[{"name":"wp","href":"https:\/\/api.w.org\/{rel}","templated":true}]}}