{"id":2698,"date":"2026-04-23T12:06:36","date_gmt":"2026-04-23T18:06:36","guid":{"rendered":"https:\/\/lakeatitlanvacationrentals.com\/?post_type=product&#038;p=2698"},"modified":"2026-04-23T14:07:24","modified_gmt":"2026-04-23T20:07:24","slug":"casa-la-dicha","status":"publish","type":"product","link":"https:\/\/lakeatitlanvacationrentals.com\/es\/producto\/casa-la-dicha\/","title":{"rendered":"CASA LA DICHA"},"content":{"rendered":"<p>Como parte de las nuevas regulaciones inactivadas por la autoridad fiscal guatemalteca en enero de 2023 (Acuerdo Gubernativo 245-2022), todas las empresas deben presentar una factura oficial del gobierno para todas las ventas que superen los Q.2500; de lo contrario, los anfitriones (es decir, los propietarios) podr\u00edan recibir una multa.<\/p>\n<p>Para los ciudadanos de Guatemala, se requiere un n\u00famero de identificaci\u00f3n fiscal o un n\u00famero de DPI junto con tu nombre. Para todos los que no son de Guatemala, se requiere un n\u00famero de pasaporte junto con tu nombre para emitir esta factura\/recibo oficial del gobierno.<\/p>\n<p>Sabemos que se te pidi\u00f3 que proporcionaras esta informaci\u00f3n o informaci\u00f3n similar para registrarte en Airbnb, sin embargo, los anfitriones no reciben estos datos.<\/p>\n<p>Una vez que comience tu reserva o poco despu\u00e9s de la salida, yo o un miembro de mi equipo nos pondremos en contacto contigo para obtener esta informaci\u00f3n para que podamos crear un recibo (tambi\u00e9n conocido como \u00abfactura\u00bb). No dudes en decirme si tienes alguna pregunta o si puedo proporcionar alg\u00fan detalle adicional sobre este tema. Muchas gracias de antemano por tu comprensi\u00f3n y cooperaci\u00f3n.<\/p>\n<p>Capacidad para 8 personas<br \/>\nRenta: 2 noches como m\u00ednimo, 365 como m\u00e1ximo<br \/>\nPrecios temporada normal:<br \/>\n$415 de 1 a 4 personas<br \/>\n$25 por persona adicional<br \/>\n$25 por tarifa de limpieza<br \/>\nPrecios temporada alta (Semana Santa y del 18 al 31 de diciembre)<br \/>\n$615 de 1 a 4 personas<br \/>\n$25 por persona adicional<br \/>\n$25 por tarifa de limpieza <\/p>\n","protected":false},"excerpt":{"rendered":"<p>Capacidad para 8 personas<br \/>\nRenta: 2 noches como m\u00ednimo, 365 como m\u00e1ximo<br \/>\nPrecios temporada normal:<br \/>\n$415 de 1 a 4 personas<br \/>\n$25 por persona adicional<br \/>\n$25 por tarifa de limpieza<br \/>\nPrecios temporada alta (Semana Santa y del 18 al 31 de diciembre)<br \/>\n$615 de 1 a 4 personas<br \/>\n$25 por persona adicional<br \/>\n$25 por tarifa de limpieza <\/p>\n","protected":false},"featured_media":2726,"comment_status":"open","ping_status":"closed","template":"","meta":{"_et_pb_use_builder":"","_et_pb_old_content":"","_et_gb_content_width":""},"categories":[],"product_brand":[],"product_cat":[22],"product_tag":[],"class_list":{"0":"post-2698","1":"product","2":"type-product","3":"status-publish","4":"has-post-thumbnail","6":"product_cat-5-8-guests","8":"first","9":"instock","10":"virtual","11":"sold-individually","12":"purchasable","13":"product-type-booking"},"_links":{"self":[{"href":"https:\/\/lakeatitlanvacationrentals.com\/es\/wp-json\/wp\/v2\/product\/2698","targetHints":{"allow":["GET"]}}],"collection":[{"href":"https:\/\/lakeatitlanvacationrentals.com\/es\/wp-json\/wp\/v2\/product"}],"about":[{"href":"https:\/\/lakeatitlanvacationrentals.com\/es\/wp-json\/wp\/v2\/types\/product"}],"replies":[{"embeddable":true,"href":"https:\/\/lakeatitlanvacationrentals.com\/es\/wp-json\/wp\/v2\/comments?post=2698"}],"wp:featuredmedia":[{"embeddable":true,"href":"https:\/\/lakeatitlanvacationrentals.com\/es\/wp-json\/wp\/v2\/media\/2726"}],"wp:attachment":[{"href":"https:\/\/lakeatitlanvacationrentals.com\/es\/wp-json\/wp\/v2\/media?parent=2698"}],"wp:term":[{"taxonomy":"category","embeddable":true,"href":"https:\/\/lakeatitlanvacationrentals.com\/es\/wp-json\/wp\/v2\/categories?post=2698"},{"taxonomy":"product_brand","embeddable":true,"href":"https:\/\/lakeatitlanvacationrentals.com\/es\/wp-json\/wp\/v2\/product_brand?post=2698"},{"taxonomy":"product_cat","embeddable":true,"href":"https:\/\/lakeatitlanvacationrentals.com\/es\/wp-json\/wp\/v2\/product_cat?post=2698"},{"taxonomy":"product_tag","embeddable":true,"href":"https:\/\/lakeatitlanvacationrentals.com\/es\/wp-json\/wp\/v2\/product_tag?post=2698"}],"curies":[{"name":"wp","href":"https:\/\/api.w.org\/{rel}","templated":true}]}}